{"id":124,"date":"2026-03-26T12:11:40","date_gmt":"2026-03-26T11:11:40","guid":{"rendered":"https:\/\/benitaschakau.de\/?page_id=124"},"modified":"2026-03-26T12:16:13","modified_gmt":"2026-03-26T11:16:13","slug":"startseite","status":"publish","type":"page","link":"https:\/\/benitaschakau.de\/","title":{"rendered":"Startseite"},"content":{"rendered":"\n<h1 class=\"wp-block-heading\"><strong>Heilp\u00e4dagogische\u00a0Praxis<\/strong><\/h1>\n\n\n\n<h2 class=\"wp-block-heading\">f\u00fcr Kinder und Jugendliche<\/h2>\n\n\n\n<h3 class=\"wp-block-heading\">mit ADHS, Autismus + Hochsensibilit\u00e4t<\/h3>\n\n\n\n<figure class=\"wp-block-image size-full\"><img loading=\"lazy\" decoding=\"async\" width=\"376\" height=\"415\" src=\"https:\/\/benitaschakau.de\/wp-content\/uploads\/2026\/03\/Bild2.png\" alt=\"\" class=\"wp-image-128\" srcset=\"https:\/\/benitaschakau.de\/wp-content\/uploads\/2026\/03\/Bild2.png 376w, https:\/\/benitaschakau.de\/wp-content\/uploads\/2026\/03\/Bild2-272x300.png 272w\" sizes=\"auto, (max-width: 376px) 100vw, 376px\" \/><\/figure>\n\n\n\n<h1 class=\"wp-block-heading\"><strong>Benita Schakau-H\u00fcbner<\/strong><\/h1>\n","protected":false},"excerpt":{"rendered":"<p>Heilp\u00e4dagogische\u00a0Praxis f\u00fcr Kinder und Jugendliche mit ADHS, Autismus + Hochsensibilit\u00e4t Benita Schakau-H\u00fcbner<\/p>\n","protected":false},"author":1,"featured_media":0,"parent":0,"menu_order":0,"comment_status":"closed","ping_status":"closed","template":"","meta":{"footnotes":""},"class_list":["post-124","page","type-page","status-publish","hentry"],"_links":{"self":[{"href":"https:\/\/benitaschakau.de\/index.php?rest_route=\/wp\/v2\/pages\/124","targetHints":{"allow":["GET"]}}],"collection":[{"href":"https:\/\/benitaschakau.de\/index.php?rest_route=\/wp\/v2\/pages"}],"about":[{"href":"https:\/\/benitaschakau.de\/index.php?rest_route=\/wp\/v2\/types\/page"}],"author":[{"embeddable":true,"href":"https:\/\/benitaschakau.de\/index.php?rest_route=\/wp\/v2\/users\/1"}],"replies":[{"embeddable":true,"href":"https:\/\/benitaschakau.de\/index.php?rest_route=%2Fwp%2Fv2%2Fcomments&post=124"}],"version-history":[{"count":3,"href":"https:\/\/benitaschakau.de\/index.php?rest_route=\/wp\/v2\/pages\/124\/revisions"}],"predecessor-version":[{"id":129,"href":"https:\/\/benitaschakau.de\/index.php?rest_route=\/wp\/v2\/pages\/124\/revisions\/129"}],"wp:attachment":[{"href":"https:\/\/benitaschakau.de\/index.php?rest_route=%2Fwp%2Fv2%2Fmedia&parent=124"}],"curies":[{"name":"wp","href":"https:\/\/api.w.org\/{rel}","templated":true}]}}