{"id":9,"date":"2025-10-16T15:40:57","date_gmt":"2025-10-16T13:40:57","guid":{"rendered":"https:\/\/benitaschakau.de\/?page_id=9"},"modified":"2026-03-26T13:10:10","modified_gmt":"2026-03-26T12:10:10","slug":"our-services","status":"publish","type":"page","link":"https:\/\/benitaschakau.de\/?page_id=9","title":{"rendered":"Mein Angebot"},"content":{"rendered":"\n<div class=\"wp-block-media-text is-stacked-on-mobile\"><figure class=\"wp-block-media-text__media\"><img loading=\"lazy\" decoding=\"async\" width=\"1024\" height=\"730\" src=\"https:\/\/benitaschakau.de\/wp-content\/uploads\/2025\/10\/20251109_134711-1024x730.jpg\" alt=\"\" class=\"wp-image-74 size-full\" srcset=\"https:\/\/benitaschakau.de\/wp-content\/uploads\/2025\/10\/20251109_134711-1024x730.jpg 1024w, https:\/\/benitaschakau.de\/wp-content\/uploads\/2025\/10\/20251109_134711-300x214.jpg 300w, https:\/\/benitaschakau.de\/wp-content\/uploads\/2025\/10\/20251109_134711-768x548.jpg 768w, https:\/\/benitaschakau.de\/wp-content\/uploads\/2025\/10\/20251109_134711-1536x1096.jpg 1536w, https:\/\/benitaschakau.de\/wp-content\/uploads\/2025\/10\/20251109_134711-2048x1461.jpg 2048w\" sizes=\"auto, (max-width: 1024px) 100vw, 1024px\" \/><\/figure><div class=\"wp-block-media-text__content\">\n<p><strong>F\u00fcr Kinder:<\/strong><\/p>\n\n\n\n<p>Heilp\u00e4dagogische F\u00f6rderung f\u00fcr Kinder vom Kleinkindalter bis zum Schulalter<\/p>\n<\/div><\/div>\n\n\n\n<p><\/p>\n\n\n\n<p><strong>F\u00fcr die Eltern:<\/strong><\/p>\n\n\n\n<p>Ziel:&nbsp;St\u00e4rkung&nbsp;der&nbsp;Elternkompetenz&nbsp;und&nbsp;Selbstwirksamkeit&nbsp;des&nbsp;Kindes<\/p>\n\n\n\n<p>Elternberatung, Aufkl\u00e4rung \u00fcber die Entwicklung ihres Kindes, systemische Familientherapie, um vorhandene St\u00e4rken sichtbar zu machen und den Blick auf die Besonderheit ihres Kindes zu ver\u00e4ndern und die Eltern zu st\u00e4rken<\/p>\n\n\n\n<p><strong>Jugenliche und junge Erwachsene<\/strong><\/p>\n\n\n\n<p>Einzelgespr\u00e4che mit dem Ziel der St\u00e4rkung des Selbstwertes, der Akzeptanz und des Erarbeitens von Strukturen<\/p>\n\n\n\n<p><strong>Wo?<\/strong><\/p>\n\n\n\n<p>Aufsuchende Arbeit, bei der Familie zu Hause<\/p>\n\n\n\n<p>oder online, es werden aktuell R\u00e4umlichkeiten gesucht!<\/p>\n\n\n\n<p><strong>Wann?<\/strong><strong><\/strong><\/p>\n\n\n\n<p>Nach Absprache<\/p>\n\n\n\n<p><strong>Wie?<\/strong><\/p>\n\n\n\n<p>Familienanamnese<\/p>\n\n\n\n<p>Aufstellungsarbeit mit Kindern und Eltern<\/p>\n\n\n\n<p>Time-Line Arbeit mit den Eltern und Kindern<\/p>\n\n\n\n<p>L\u00f6sungsorientierte Gespr\u00e4chsf\u00fchrung<\/p>\n\n\n\n<p>Inhaltliche und medizinische Aufkl\u00e4rung zum Thema ADHS<\/p>\n\n\n\n<p><\/p>\n","protected":false},"excerpt":{"rendered":"<p>F\u00fcr Kinder: Heilp\u00e4dagogische F\u00f6rderung f\u00fcr Kinder vom Kleinkindalter bis zum Schulalter F\u00fcr die Eltern: Ziel:&nbsp;St\u00e4rkung&nbsp;der&nbsp;Elternkompetenz&nbsp;und&nbsp;Selbstwirksamkeit&nbsp;des&nbsp;Kindes Elternberatung, Aufkl\u00e4rung \u00fcber die Entwicklung ihres Kindes, systemische Familientherapie, um vorhandene St\u00e4rken sichtbar zu machen und den Blick auf die Besonderheit ihres Kindes zu ver\u00e4ndern und die Eltern zu st\u00e4rken Jugenliche und junge Erwachsene Einzelgespr\u00e4che mit dem Ziel der St\u00e4rkung &hellip; <\/p>\n","protected":false},"author":1,"featured_media":166,"parent":0,"menu_order":0,"comment_status":"closed","ping_status":"closed","template":"page-template\/about.php","meta":{"footnotes":""},"class_list":["post-9","page","type-page","status-publish","has-post-thumbnail","hentry"],"_links":{"self":[{"href":"https:\/\/benitaschakau.de\/index.php?rest_route=\/wp\/v2\/pages\/9","targetHints":{"allow":["GET"]}}],"collection":[{"href":"https:\/\/benitaschakau.de\/index.php?rest_route=\/wp\/v2\/pages"}],"about":[{"href":"https:\/\/benitaschakau.de\/index.php?rest_route=\/wp\/v2\/types\/page"}],"author":[{"embeddable":true,"href":"https:\/\/benitaschakau.de\/index.php?rest_route=\/wp\/v2\/users\/1"}],"replies":[{"embeddable":true,"href":"https:\/\/benitaschakau.de\/index.php?rest_route=%2Fwp%2Fv2%2Fcomments&post=9"}],"version-history":[{"count":5,"href":"https:\/\/benitaschakau.de\/index.php?rest_route=\/wp\/v2\/pages\/9\/revisions"}],"predecessor-version":[{"id":178,"href":"https:\/\/benitaschakau.de\/index.php?rest_route=\/wp\/v2\/pages\/9\/revisions\/178"}],"wp:featuredmedia":[{"embeddable":true,"href":"https:\/\/benitaschakau.de\/index.php?rest_route=\/wp\/v2\/media\/166"}],"wp:attachment":[{"href":"https:\/\/benitaschakau.de\/index.php?rest_route=%2Fwp%2Fv2%2Fmedia&parent=9"}],"curies":[{"name":"wp","href":"https:\/\/api.w.org\/{rel}","templated":true}]}}